{"id":910,"date":"2016-02-19T09:25:55","date_gmt":"2016-02-19T09:25:55","guid":{"rendered":"https:\/\/bellentani.doctor\/prestazioni\/"},"modified":"2020-11-19T10:55:27","modified_gmt":"2020-11-19T09:55:27","slug":"leistungen","status":"publish","type":"page","link":"https:\/\/bellentani.doctor\/de\/leistungen\/","title":{"rendered":"Leistungen"},"content":{"rendered":"<p>[vc_row full_width=&#8220;0&#8243; full_height=&#8220;0&#8243; row_padding=&#8220;no_padding&#8220; particles=&#8220;0&#8243; css=&#8220;.vc_custom_1591863534189{padding-top: 64px !important;}&#8220; el_id=&#8220;visite-valutazioni&#8220;][vc_column el_class=&#8220;col-md-push-6&#8243; margin=&#8220;margin_bottom_grid&#8220; offset=&#8220;vc_col-md-6&#8243;]<div class=\"pl_fixed_ratio_media  \">\n    <div class=\"stretchy_wrapper ratio_16-9   bg_vcenter\" style=\"background-image: url('https:\/\/bellentani.doctor\/wp-content\/uploads\/2020\/07\/dottor-bellentani-prestazioni-consulenze-gastroenterologiche.jpg');\">\n      <img decoding=\"async\" alt=\"\" src=\"https:\/\/bellentani.doctor\/wp-content\/uploads\/2020\/07\/dottor-bellentani-prestazioni-consulenze-gastroenterologiche.jpg\">\n    <\/div>\n\n<\/div>[\/vc_column][vc_column el_class=&#8220;col-md-pull-6&#8243; offset=&#8220;vc_col-md-6&#8243;]<div class=\"section_header subtitle_bottom   fancy text-left\">\n\n    <h3>Gastroenterologische und hepatologische Beratung<\/h3>\n\n\n        <p ><\/p>\n<\/div>[vc_column_text]Untersuchungen und Laboruntersuchungen f\u00fcr Patienten mit Krankheiten des Verdauungsapparats, der Leber und Galleng\u00e4nge.[\/vc_column_text]<div class=\"plethora_button wpb_content_element   text-left \">\n    <a href=\"\/de\/leistungen\/gastroenterologische-und-hepatologische-beratung\/\" debug class=\" btn btn-primary  \" title=\"\"  target=\"_self\">\n\n        \n        ENTDECKEN SIE\n        \n\n    <\/a>\n<\/div>[\/vc_column][\/vc_row][vc_row full_width=&#8220;0&#8243; full_height=&#8220;0&#8243; row_padding=&#8220;no_bottom_padding&#8220; sep_bottom=&#8220;separator_bottom sep_angled_positive_bottom&#8220; particles=&#8220;0&#8243; css=&#8220;.vc_custom_1593674809231{padding-top: 64px !important;padding-bottom: 34px !important;}&#8220; el_id=&#8220;esami-diagnostici&#8220;][vc_column]<div class=\"section_header subtitle_bottom   vc_custom_1602772976905 fancy text-center\">\n\n    <h3>Diagnostische Untersuchungen<\/h3>\n\n\n        <p ><\/p>\n<\/div>[\/vc_column][vc_column width=&#8220;1\/2&#8243;]<!-- ========================== TEASER BOX ==========================-->\n<div class=\"teaser_box wpb_content_element text-center   boxed same_height_col  with_button    \">\n\n  <div class=\"figure \">\n\n\n      <a href=\"\/de\/leistungen\/nicht-invasiver-diagnostische-untersuchungen\/\" debug title=\"\" target=\"\"> \n\n        \n         <div class=\"figure  stretchy_wrapper ratio_16-9\" style=\"background-image:url('https:\/\/bellentani.doctor\/wp-content\/uploads\/2020\/07\/dottor-bellentani-prestazioni-esami-non-invasivi.jpg')\"><\/div> \n        \n          \n\n        \n\n    <\/a>\n\n  <\/div>\n\n\n\n  <div class=\"content text-center   with_button \">\n    \n    <div class=\"hgroup\">\n       <h4 class=\"neutralize_links\">\n       Nicht-invasive Diagnostische Untersuchungen\n       <\/h4>\n      \n    <\/div>\n\n    \n\n    <div class=\"link centered\">\n        <a href=\"\/de\/leistungen\/nicht-invasiver-diagnostische-untersuchungen\/\"  target=\"\" class=\"btn btn-xs btn-primary\"><strong>ENTDECKEN SIE<\/strong><\/a>\n    <\/div>\n\n  <\/div>\n\n<\/div>\n\n<!-- END======================= TEASER BOX ==========================-->[\/vc_column][vc_column width=&#8220;1\/2&#8243;]<!-- ========================== TEASER BOX ==========================-->\n<div class=\"teaser_box wpb_content_element text-center   boxed same_height_col  with_button    \">\n\n  <div class=\"figure \">\n\n\n      <a href=\"\/de\/leistungen\/diagnostische-untersuchungen-unter-kurznarkose\/\" debug title=\"\" target=\"\"> \n\n        \n         <div class=\"figure  stretchy_wrapper ratio_16-9\" style=\"background-image:url('https:\/\/bellentani.doctor\/wp-content\/uploads\/2020\/07\/dottor-bellentani-prestazioni-esami-in-sedazione.jpg')\"><\/div> \n        \n          \n\n        \n\n    <\/a>\n\n  <\/div>\n\n\n\n  <div class=\"content text-center   with_button \">\n    \n    <div class=\"hgroup\">\n       <h4 class=\"neutralize_links\">\n       Diagnostische Untersuchungen unter Kurznarkose\n       <\/h4>\n      \n    <\/div>\n\n    \n\n    <div class=\"link centered\">\n        <a href=\"\/de\/leistungen\/diagnostische-untersuchungen-unter-kurznarkose\/\"  target=\"\" class=\"btn btn-xs btn-primary\"><strong>ENTDECKEN SIE<\/strong><\/a>\n    <\/div>\n\n  <\/div>\n\n<\/div>\n\n<!-- END======================= TEASER BOX ==========================-->[\/vc_column][\/vc_row][vc_row color_set=&#8220;skincolored_section&#8220; full_width=&#8220;1&#8243; full_height=&#8220;0&#8243; row_padding=&#8220;no_padding&#8220; cols_valign=&#8220;vcenter&#8220; background=&#8220;transparent&#8220; el_id=&#8220;valutazione-nutrizionale&#8220;][vc_column width=&#8220;1\/2&#8243; background=&#8220;bgimage&#8220; bgimage=&#8220;806&#8243; same_height_col=&#8220;same_height_col&#8220;][\/vc_column][vc_column width=&#8220;1\/2&#8243; color_set=&#8220;white_section&#8220; background=&#8220;transparent&#8220; boxed=&#8220;boxed_plus&#8220; same_height_col=&#8220;same_height_col&#8220;][vc_empty_space height=&#8220;64px&#8220;]<div class=\"section_header subtitle_bottom   fancy text-left\">\n\n    <h3>Ern\u00e4hrungsberatung<\/h3>\n\n\n        <p ><\/p>\n<\/div>[vc_column_text]Multidisziplin\u00e4rer Ansatz in Zusammenarbeit mit Spezialisten f\u00fcr Ern\u00e4hrungswissenschaften, Bewegungswissenschaften (Personal Trainer, Lifestyle Coaches), Verhaltenspsychologen, insbesondere mit dem <a href=\"https:\/\/ilcentro.ch\/\" target=\"_blank\" rel=\"noopener noreferrer\">\u201eIl Centro\u201c<\/a> und <a href=\"https:\/\/www.nutrizionistafedericabombarda.it\/\" target=\"_blank\" rel=\"noopener noreferrer\">Frau Dr. Federica Bombarda<\/a> und <a href=\"https:\/\/www.nutristone.net\/\" target=\"_blank\" rel=\"noopener noreferrer\">Frau Dr. Cecilia Valenti.<\/a>[\/vc_column_text]<div class=\"plethora_button wpb_content_element   text-left \">\n    <a href=\"\/de\/leistungen\/ernaehrungsanalyse\/\" debug class=\" btn btn-primary  \" title=\"\"  target=\"_self\">\n\n        \n        ENTDECKEN SIE\n        \n\n    <\/a>\n<\/div>[vc_empty_space][\/vc_column][\/vc_row]<\/p>\n","protected":false},"excerpt":{"rendered":"<p>[vc_row full_width=&#8220;0&#8243; full_height=&#8220;0&#8243; row_padding=&#8220;no_padding&#8220; particles=&#8220;0&#8243; css=&#8220;.vc_custom_1591863534189{padding-top: 64px !important;}&#8220; el_id=&#8220;visite-valutazioni&#8220;][vc_column el_class=&#8220;col-md-push-6&#8243; margin=&#8220;margin_bottom_grid&#8220; offset=&#8220;vc_col-md-6&#8243;][\/vc_column][vc_column el_class=&#8220;col-md-pull-6&#8243; offset=&#8220;vc_col-md-6&#8243;][vc_column_text]Untersuchungen und Laboruntersuchungen f\u00fcr Patienten mit Krankheiten des Verdauungsapparats, der Leber und Galleng\u00e4nge.[\/vc_column_text][\/vc_column][\/vc_row][vc_row full_width=&#8220;0&#8243; full_height=&#8220;0&#8243; row_padding=&#8220;no_bottom_padding&#8220; sep_bottom=&#8220;separator_bottom sep_angled_positive_bottom&#8220; particles=&#8220;0&#8243; css=&#8220;.vc_custom_1593674809231{padding-top: 64px !important;padding-bottom: 34px !important;}&#8220; el_id=&#8220;esami-diagnostici&#8220;][vc_column][\/vc_column][vc_column width=&#8220;1\/2&#8243;][\/vc_column][vc_column width=&#8220;1\/2&#8243;][\/vc_column][\/vc_row][vc_row color_set=&#8220;skincolored_section&#8220; full_width=&#8220;1&#8243; full_height=&#8220;0&#8243; row_padding=&#8220;no_padding&#8220; cols_valign=&#8220;vcenter&#8220; background=&#8220;transparent&#8220; el_id=&#8220;valutazione-nutrizionale&#8220;][vc_column width=&#8220;1\/2&#8243; background=&#8220;bgimage&#8220; bgimage=&#8220;806&#8243; same_height_col=&#8220;same_height_col&#8220;][\/vc_column][vc_column width=&#8220;1\/2&#8243; color_set=&#8220;white_section&#8220; background=&#8220;transparent&#8220; boxed=&#8220;boxed_plus&#8220; [&hellip;]<\/p>\n","protected":false},"author":4,"featured_media":912,"parent":0,"menu_order":0,"comment_status":"closed","ping_status":"closed","template":"","meta":{"footnotes":""},"aioseo_notices":[],"_links":{"self":[{"href":"https:\/\/bellentani.doctor\/de\/wp-json\/wp\/v2\/pages\/910"}],"collection":[{"href":"https:\/\/bellentani.doctor\/de\/wp-json\/wp\/v2\/pages"}],"about":[{"href":"https:\/\/bellentani.doctor\/de\/wp-json\/wp\/v2\/types\/page"}],"author":[{"embeddable":true,"href":"https:\/\/bellentani.doctor\/de\/wp-json\/wp\/v2\/users\/4"}],"replies":[{"embeddable":true,"href":"https:\/\/bellentani.doctor\/de\/wp-json\/wp\/v2\/comments?post=910"}],"version-history":[{"count":15,"href":"https:\/\/bellentani.doctor\/de\/wp-json\/wp\/v2\/pages\/910\/revisions"}],"predecessor-version":[{"id":1150,"href":"https:\/\/bellentani.doctor\/de\/wp-json\/wp\/v2\/pages\/910\/revisions\/1150"}],"wp:featuredmedia":[{"embeddable":true,"href":"https:\/\/bellentani.doctor\/de\/wp-json\/wp\/v2\/media\/912"}],"wp:attachment":[{"href":"https:\/\/bellentani.doctor\/de\/wp-json\/wp\/v2\/media?parent=910"}],"curies":[{"name":"wp","href":"https:\/\/api.w.org\/{rel}","templated":true}]}}