{"id":936,"date":"2020-06-11T09:20:10","date_gmt":"2020-06-11T07:20:10","guid":{"rendered":"https:\/\/bellentani.doctor\/leistungen\/esami-diagnostici-di-imaging-non-invasivi\/"},"modified":"2020-11-19T10:56:26","modified_gmt":"2020-11-19T09:56:26","slug":"nicht-invasiver-diagnostische-untersuchungen","status":"publish","type":"page","link":"https:\/\/bellentani.doctor\/de\/leistungen\/nicht-invasiver-diagnostische-untersuchungen\/","title":{"rendered":"Nicht-invasive Diagnostische Untersuchungen"},"content":{"rendered":"<p>[vc_row full_width=&#8220;0&#8243; full_height=&#8220;0&#8243; sep_bottom=&#8220;separator_bottom sep_angled_positive_bottom&#8220; particles=&#8220;0&#8243; css=&#8220;.vc_custom_1594715339674{padding-bottom: 30px !important;}&#8220;][vc_column][vc_empty_space height=&#8220;64px&#8220;]<div class=\"section_header subtitle_bottom   fancy text-left\">\n\n    <h2>Abdomen-Ultraschall oder Abdomen-Sonographie<\/h2>\n\n\n        <p >Untersuchung von Organen im Inneren des Abdomens mit nicht-invasiver Ultraschalltechnik<\/p>\n<\/div>[\/vc_column][vc_column width=&#8220;1\/2&#8243;][vc_column_text]<\/p>\n<p style=\"color: #016838;\"><strong>Abdomen-Sonographie<\/strong><\/p>\n<p>Die Abdomen-Sonographie oder der Abdomen-Ultraschall ist eine nicht-invasive Untersuchung, die auf n\u00fcchternen Magen mit einer Sonde durchgef\u00fchrt wird, die Ultraschallwellen abgibt und \u00fcber den Bauch bewegt wird, um in der Regel schwarz-wei\u00dfe Bilder zu erzeugen, die nur vom Experten interpretiert werden k\u00f6nnen. Die Untersuchung ist absolut schmerzfrei und nicht invasiv.[\/vc_column_text][vc_column_text]<\/p>\n<p style=\"color: #016838;\"><strong>Abdomen-Ultraschalluntersuchungen<\/strong><\/p>\n<p>Die von einem Gastroenterologen\/Hepatologen durchgef\u00fchrten Abdomen-Ultraschalluntersuchungen sind nicht die gleichen wie die von einem Radiologen: Es ist nicht so, dass ein Radiologe besser als ein Gastroenterologe\/Hepatologe ist; jedoch kann der Gastroenterologe\/Hepatologe, einfach gesagt, die festgestellte Erkrankung dann direkt behandeln und entscheiden, ob weitere Diagnosetechniken wie CT, Magnetresonanztherapie oder eine Biopsie der Leber oder anderer Organe notwendig sind.[\/vc_column_text][\/vc_column][vc_column width=&#8220;1\/2&#8243;][vc_video link=&#8220;https:\/\/youtu.be\/Kd_QjeSMBtU&#8220;][\/vc_column][\/vc_row][vc_row full_width=&#8220;0&#8243; full_height=&#8220;0&#8243; sep_bottom=&#8220;separator_bottom sep_angled_positive_bottom&#8220; particles=&#8220;0&#8243; css=&#8220;.vc_custom_1593675768160{padding-bottom: 96px !important;}&#8220;][vc_column][\/vc_column][vc_column width=&#8220;1\/2&#8243;]<div class=\"section_header subtitle_bottom   fancy text-left\">\n\n    <h2>Fibroelastometrie oder Fibroscan<\/h2>\n\n\n        <p >Untersuchung zur Feststellung der \u201eFestigkeit`` oder \u201eElastizit\u00e4t`` oder der \u201eMenge von Fibrosen oder Vernarbungen`` in der Leber<\/p>\n<\/div>[vc_column_text]<\/p>\n<p style=\"color: #016838;\"><strong>Fibroelastometrie oder Fibroscan<\/strong><\/p>\n<p>Diese neue nicht-invasive Technik erm\u00f6glicht es dem spezialisierten Hepatologen oft, eine schwere Fibrose oder Zirrhose zu diagnostizieren, ohne eine Leberbiopsie durchf\u00fchren zu m\u00fcssen, bei der die Leber unter \u00f6rtlicher Bet\u00e4ubung mit einer Nadel von au\u00dfen punktiert wird. Es handelt sich also um eine weltweit eingef\u00fchrte und inzwischen validierte Technik, mit der die Leberbiopsie vermieden wird und die in kurzer Zeit, auch nur von einem Techniker, ambulant durchgef\u00fchrt werden kann. In der Praxis von Dr. Stefano Bellentani wird der Fibroscan immer in Zusammenarbeit mit dem <a href=\"http:\/\/www.epatocentro.ch\/\" target=\"_blank\" rel=\"noopener noreferrer\">Leberzentrum<\/a> durchgef\u00fchrt.[\/vc_column_text][\/vc_column][vc_column width=&#8220;1\/2&#8243;][vc_video link=&#8220;https:\/\/youtu.be\/J97lWzEeO2Q&#8220;][\/vc_column][\/vc_row][vc_row color_set=&#8220;black_section&#8220; full_width=&#8220;0&#8243; full_height=&#8220;0&#8243; transparent_overlay=&#8220;transparent_film&#8220; background=&#8220;bgimage&#8220; bgimage=&#8220;600&#8243; parallax=&#8220;1&#8243;][vc_column]<div class=\"section_header subtitle_bottom   fancy text-center\">\n\n    <h2>Ben\u00f6tigen Sie eine Beurteilung?<\/h2>\n\n\n        <p >Vereinbaren Sie einen Termin<\/p>\n<\/div><div class=\"plethora_button wpb_content_element   text-center \">\n    <a href=\"\/de\/kontakt\/\" debug class=\" btn btn-secondary with-icon icon-left\" title=\"\"  target=\"_self\">\n\n         <i class=\"fa fa-check\"><\/i> \n        Termin anfordern\n        \n\n    <\/a>\n<\/div>[\/vc_column][\/vc_row]<\/p>\n","protected":false},"excerpt":{"rendered":"<p>[vc_row full_width=&#8220;0&#8243; full_height=&#8220;0&#8243; sep_bottom=&#8220;separator_bottom sep_angled_positive_bottom&#8220; particles=&#8220;0&#8243; css=&#8220;.vc_custom_1594715339674{padding-bottom: 30px !important;}&#8220;][vc_column][vc_empty_space height=&#8220;64px&#8220;][\/vc_column][vc_column width=&#8220;1\/2&#8243;][vc_column_text] Abdomen-Sonographie Die Abdomen-Sonographie oder der Abdomen-Ultraschall ist eine nicht-invasive Untersuchung, die auf n\u00fcchternen Magen mit einer Sonde durchgef\u00fchrt wird, die Ultraschallwellen abgibt und \u00fcber den Bauch bewegt wird, um in der Regel schwarz-wei\u00dfe Bilder zu erzeugen, die nur vom Experten interpretiert werden k\u00f6nnen. Die [&hellip;]<\/p>\n","protected":false},"author":3,"featured_media":0,"parent":910,"menu_order":0,"comment_status":"closed","ping_status":"closed","template":"","meta":{"footnotes":""},"aioseo_notices":[],"_links":{"self":[{"href":"https:\/\/bellentani.doctor\/de\/wp-json\/wp\/v2\/pages\/936"}],"collection":[{"href":"https:\/\/bellentani.doctor\/de\/wp-json\/wp\/v2\/pages"}],"about":[{"href":"https:\/\/bellentani.doctor\/de\/wp-json\/wp\/v2\/types\/page"}],"author":[{"embeddable":true,"href":"https:\/\/bellentani.doctor\/de\/wp-json\/wp\/v2\/users\/3"}],"replies":[{"embeddable":true,"href":"https:\/\/bellentani.doctor\/de\/wp-json\/wp\/v2\/comments?post=936"}],"version-history":[{"count":9,"href":"https:\/\/bellentani.doctor\/de\/wp-json\/wp\/v2\/pages\/936\/revisions"}],"predecessor-version":[{"id":1152,"href":"https:\/\/bellentani.doctor\/de\/wp-json\/wp\/v2\/pages\/936\/revisions\/1152"}],"up":[{"embeddable":true,"href":"https:\/\/bellentani.doctor\/de\/wp-json\/wp\/v2\/pages\/910"}],"wp:attachment":[{"href":"https:\/\/bellentani.doctor\/de\/wp-json\/wp\/v2\/media?parent=936"}],"curies":[{"name":"wp","href":"https:\/\/api.w.org\/{rel}","templated":true}]}}