{"id":944,"date":"2020-06-11T09:24:35","date_gmt":"2020-06-11T07:24:35","guid":{"rendered":"https:\/\/bellentani.doctor\/leistungen\/esami-diagnostici-in-sedazione-assistita\/"},"modified":"2022-03-01T15:17:09","modified_gmt":"2022-03-01T14:17:09","slug":"diagnostische-untersuchungen-unter-kurznarkose","status":"publish","type":"page","link":"https:\/\/bellentani.doctor\/de\/leistungen\/diagnostische-untersuchungen-unter-kurznarkose\/","title":{"rendered":"Diagnostische Untersuchungen unter Kurznarkose"},"content":{"rendered":"<p>[vc_row full_width=&#8220;0&#8243; full_height=&#8220;0&#8243; sep_bottom=&#8220;separator_bottom sep_angled_positive_bottom&#8220; particles=&#8220;0&#8243; css=&#8220;.vc_custom_1594717684524{padding-bottom: 30px !important;}&#8220;][vc_column][vc_empty_space height=&#8220;64px&#8220;]<div class=\"section_header subtitle_bottom   fancy text-left\">\n\n    <h2>Diagnostische und operative \u00d6sophagogastroduodenoskopien (\u00d6GDS)<\/h2>\n\n\n        <p >Untersuchung des oberen Verdauungstraktes: Speiser\u00f6hre, Magen und Zw\u00f6lffingerdarm mit flexiblem Video-Endoskop ohne oder mit Biopsien oder kleinen endoskopischen Eingriffen.<\/p>\n<\/div>[\/vc_column][vc_column width=&#8220;1\/2&#8243;][vc_toggle title=&#8220;Was ist die \u00d6sophagogastroduodenoskopie?&#8220;]Mit der \u00d6sophagogastroduodenoskopie ist es m\u00f6glich, von innen heraus Krankheiten oder Ver\u00e4nderungen der Schleimhaut der inneren Organe des oberen Verdauungstraktes (der erste Meter des Verdauungsschlauchs) zu \u00fcberpr\u00fcfen: Speiser\u00f6hre, Magen und Zw\u00f6lffingerdarm. Die \u00d6sophagogastroduodenoskopie, oft mit \u00d6GDS abgek\u00fcrzt, kann auch unter therapeutischen Gesichtspunkten zu einer n\u00fctzlichen Untersuchung werden: Es k\u00f6nnen Schleimhautbiopsien, aber auch andere kleine Eingriffe, wie z.B. die Stillung von Blutungen im Verdauungstrakt, die Entfernung von Polypen, Kauterisationen usw. durchgef\u00fchrt werden.[\/vc_toggle][vc_toggle title=&#8220;Wozu dient die \u00d6sophagogastroduodenoskopie?&#8220;]Die \u00d6sophagogastroduodenoskopie ist die wichtigste Untersuchung zum Nachweis und damit zur Vorsorge bei gut- oder b\u00f6sartigen Tumoren des Magens und der Speiser\u00f6hre, aber auch zur Diagnose von Gastritis, \u00d6sophagitis, Duodenitis, Geschw\u00fcren, Hiatushernie usw.[\/vc_toggle][vc_toggle title=&#8220;Wie wird die \u00d6sophagogastroduodenoskopie durchgef\u00fchrt?&#8220;]Die \u00d6sophagogastroduodenoskopie wird mit Endoskopen durchgef\u00fchrt, d.h. mit flexiblen Schl\u00e4uchen, die je nach den zu untersuchenden Organen unterschiedlich dick und lang sind, und an deren Ende sich eine Mikrokamera befindet, mit der die untersuchten Organe direkt auf einem Monitor dargestellt und Videoaufnahmen oder Fotos gemacht werden k\u00f6nnen. Das Endoskop wird durch den Mund eingef\u00fchrt. Die Untersuchung verursacht keine Schmerzen, nur ein wenig Unbehagen beim Einf\u00fchren des Endoskops. Um das zu vermeiden, erfolgt in unserer Praxis immer eine Kurznarkose mit Propofol.[\/vc_toggle][\/vc_column][vc_column width=&#8220;1\/2&#8243;][vc_toggle title=&#8220;Dauer der \u00d6sophagogastroduodenoskopie&#8220;]Die \u00d6sophagogastroduodenoskopie dauert durchschnittlich 3-5 Minuten.[\/vc_toggle][vc_toggle title=&#8220;Regeln f\u00fcr die Vorbereitung zur \u00d6sophagogastroduodenoskopie&#8220;]Vor der \u00d6sophagogastroduodenoskopie darf der Patient mindestens 6 bis 8 Stunden nichts mehr essen, etwaiger entnehmbarer Zahnersatz ist zu entfernen.[\/vc_toggle][vc_toggle title=&#8220;Kontraindikationen f\u00fcr die \u00d6sophagogastroduodenoskopie&#8220;]Die \u00d6sophagogastroduodenoskopie sollte vermieden werden, wenn der Patient gr\u00f6\u00dfere Risiken f\u00fcr seine Gesundheit eingeht als der Nutzen ist, der sich aus der Untersuchung ergeben k\u00f6nnte. Bei besonders komplikationsgef\u00e4hrdeten oder \u00e4lteren Patienten oder, wenn kleine Eingriffe erforderlich sind, wird die Prozedur in unserer Praxis immer im Beisein von An\u00e4sthesisten und an\u00e4sthesie- und reanimationserfahrenen Pflegekr\u00e4ften durchgef\u00fchrt.[\/vc_toggle][\/vc_column][\/vc_row][vc_row full_width=&#8220;0&#8243; full_height=&#8220;0&#8243; sep_bottom=&#8220;separator_bottom sep_angled_positive_bottom&#8220; particles=&#8220;0&#8243; css=&#8220;.vc_custom_1594715339674{padding-bottom: 30px !important;}&#8220;][vc_column]<div class=\"section_header subtitle_bottom   fancy text-left\">\n\n    <h2>Diagnostische und operative Koloskopien<\/h2>\n\n\n        <p >Untersuchung des letzten Abschnitts des Verdauungsschlauchs: Anus, Rektum, Sigma, Kolon und des letzten Abschnitts des Ileum mithilfe eines flexiblen Video-Endoskops ohne oder mit Biopsie und kleinen endoskopischen Eingriffen.<\/p>\n<\/div>[\/vc_column][vc_column width=&#8220;1\/2&#8243;][vc_toggle title=&#8220;Was ist die Koloskopie?&#8220;]Die Koloskopie ist eine invasive Untersuchung, bei der man von innen heraus Krankheiten oder Ver\u00e4nderungen an der Schleimhaut der inneren Organe des unteren Verdauungstrakts (letzter Meter des Verdauungsschlauchs) feststellen kann: Dickdarm oder Kolon (Rektum, Sigma, Colon descendens, Colon transversum, Colon ascendens und Caecum). Die Koloskopie kann unter therapeutischen Gesichtspunkten auch zu einer n\u00fctzlichen Untersuchung werden: Es k\u00f6nnen Schleimhautbiopsien, aber auch andere kleine Eingriffe, wie z.B. die Entfernung von Polypen, Lumenerweiterungen und Kauterisationen usw. durchgef\u00fchrt werden.[\/vc_toggle][vc_toggle title=&#8220;Wozu dient die Koloskopie?&#8220;]Die Koloskopie ist die wichtigste Untersuchung zur Vorbeugung von b\u00f6sartigen Tumoren des Kolons (kolorektale Karzinome). Diese bilden sich im Laufe der Jahre aus zun\u00e4chst gutartigen Polypen, die dann zu b\u00f6sartigen Tumoren entarten. Ebenso dient sie zur Diagnose von Colitis, chronisch-entz\u00fcndlichen Darmerkrankungen wie z.B. Colitis ulcerosa und Morbus Crohn usw.[\/vc_toggle][vc_toggle title=&#8220;Wie wird die Koloskopie durchgef\u00fchrt?&#8220;]F\u00fcr die Koloskopie wird eine flexible Sonde (Endoskop) mit einem Durchmesser von h\u00f6chstens eineinhalb Zentimetern durch die Anal\u00f6ffnung eingef\u00fchrt. Sie wird mit Hilfe von Koloskopen durchgef\u00fchrt, an deren Ende sich eine Mikrokamera befindet, mit der die untersuchten Organe direkt auf einem Monitor dargestellt und Videos oder Fotos aufgenommen werden k\u00f6nnen.[\/vc_toggle][\/vc_column][vc_column width=&#8220;1\/2&#8243;][vc_toggle title=&#8220;Dauer der Koloskopie&#8220;]Die Koloskopie dauert durchschnittlich 20-30 Minuten, wenn sie nur diagnostisch durchgef\u00fchrt wird, und bis zu 45 &#8211; 60 Minuten, wenn Eingriffe vorzunehmen sind.[\/vc_toggle][vc_toggle title=&#8220;Regeln f\u00fcr die Vorbereitung zur Koloskopie&#8220;]F\u00fcr die Koloskopie muss der Patient seit mindestens 12-18 Stunden n\u00fcchtern sein. Da w\u00e4hrend der Koloskopie eventuell eine Biopsie oder die Entfernung von Polypen notwendig sein kann, sollte der Patient angeben, welche Medikamente er einnimmt und worauf er allergisch reagiert. Au\u00dferdem ist eine gute Darmreinigung durchzuf\u00fchren.<br \/>\nF\u00fcr diese Untersuchung ist also eine spezifische Vorbereitung erforderlich: Zun\u00e4chst wird f\u00fcr bis zu vier Tage vor der Durchf\u00fchrung der Koloskopie eine Di\u00e4t verordnet, bei der Ballaststoffe (Obst und Gem\u00fcse) zu reduzieren sind.<br \/>\nAm Tag vor der Untersuchung sind Abf\u00fchrmittel zur Reinigung des Darms einzunehmen und nur Fl\u00fcssigkeiten zu sich zu nehmen. Eine gute Darmreinigung ist \u00e4u\u00dferst wichtig, da sie die Untersuchung zuverl\u00e4ssig macht und das Risiko von Fehldiagnosen verhindert.<br \/>\nDie in unserer Praxis verwendeten Pr\u00e4parate sind im Handel erh\u00e4ltlich. Die Informationen in den Beipackzetteln \u00e4hneln sich ziemlich und k\u00f6nnen <a href=\"\/wp-content\/uploads\/2020\/07\/dr-bellentani-preparazione-colonscopia.pdf\" target=\"_blank\" rel=\"noopener noreferrer\">hier heruntergeladen werden.<\/a>[\/vc_toggle][vc_toggle title=&#8220;Kontraindikationen f\u00fcr die Koloskopie&#8220;]Die Koloskopie sollte vermieden werden, wenn der Patient gr\u00f6\u00dfere Risiken f\u00fcr seine Gesundheit eingeht als der Nutzen ist, der sich aus der Untersuchung ergeben k\u00f6nnte.<br \/>\nBei besonders komplikationsgef\u00e4hrdeten oder \u00e4lteren Patienten oder bei kleinen Eingriffen wird der Eingriff in unserer Praxis immer im Beisein von An\u00e4sthesisten und an\u00e4sthesie- und reanimationserfahrenen Pflegekr\u00e4ften durchgef\u00fchrt. Zu Komplikationen kommt es eher selten. Die schwerwiegendste Komplikation, die aber am seltensten auftritt, ist eine versehentliche Perforation des Darms. Dies h\u00e4ngt auch von der Darmsituation des Patienten ab, z.B. k\u00f6nnte das Vorhandensein von Divertikeln das Risiko erh\u00f6hen, aber bei einer vorsichtig durchgef\u00fchrten Untersuchung ist das Risiko minimal. Im Falle einer Perforation ist eine sofortige Operation erforderlich.<br \/>\nEine andere, weniger schwerwiegende Komplikation h\u00e4ngt von der jeweiligen Ma\u00dfnahme ab: bei der Vornahme von Biopsien oder der Entfernung von Polypen k\u00f6nnen Blutungen auftreten. In diesem Fall werden spezielle Techniken eingesetzt, um die Blutung w\u00e4hrend der Koloskopie zu stoppen.<br \/>\nIn den nunmehr 35 Jahren endoskopischer Erfahrung von Dr. Stefano Bellentani, mit durchschnittlich 600 &#8211; 800 Koloskopien pro Jahr sind insgesamt f\u00fcnfmal Komplikationen aufgetreten, die aber niemals t\u00f6dlich waren. Das hei\u00dft, der Inzidenzwert f\u00e4llt daher viel niedriger aus als der in der Literatur beschriebene Durchschnitt.[\/vc_toggle][\/vc_column][\/vc_row][vc_row color_set=&#8220;white_section&#8220; align=&#8220;text-center&#8220; full_width=&#8220;0&#8243; full_height=&#8220;0&#8243; sep_bottom=&#8220;separator_bottom sep_angled_positive_bottom&#8220; particles=&#8220;0&#8243;][vc_column]<div class=\"section_header subtitle_bottom   fancy text-left\">\n\n    <h2 style=\"text-align: center;\">Dokumente zum Downloaden<\/h2>\n\n\n        <p ><\/p>\n<\/div>[vc_row_inner][vc_column_inner width=&#8220;1\/2&#8243;][vc_column_text]<\/p>\n<p style=\"color: #009544; text-align: center;\"><strong>F\u00dcR \u00c4RZTE<\/strong><\/p>\n<p style=\"text-align: center;\"><span style=\"text-decoration: underline;\"><u><a href=\"https:\/\/bellentani.doctor\/wp-content\/uploads\/2022\/03\/01.questionario-richiesta-esami-DEU.pdf\" target=\"_blank\" rel=\"noopener noreferrer\">Antragsformular f\u00fcr Untersuchungen<\/a><br \/>\n<a href=\"https:\/\/bellentani.doctor\/wp-content\/uploads\/2022\/03\/02.questionario-pazienti-pre-endoscopia-DEU.pdf\" target=\"_blank\" rel=\"noopener noreferrer\">Formular zur Patientenbefragung vor dem endoskopischen Eingriff<\/a><\/u><br \/>\n<a href=\"https:\/\/bellentani.doctor\/wp-content\/uploads\/2022\/03\/03.estruzioni-moviprep-DEU.pdf\" target=\"_blank\" rel=\"noopener noreferrer\">Vorbereitung auf die Darmuntersuchung mit MOVIPREP\u00ae<\/a><\/span><br \/>\n<a href=\"https:\/\/bellentani.doctor\/wp-content\/uploads\/2022\/03\/04.istruzioni-picoprep-DEU.pdf\" target=\"_blank\" rel=\"noopener noreferrer\"><span style=\"text-decoration: underline;\">Vorbereitung auf die Darmuntersuchung mit PICOPREP\u00ae<\/span><\/a><u><br \/>\n<a href=\"https:\/\/bellentani.doctor\/wp-content\/uploads\/2022\/03\/05.istruzioni-clensia-split-DEU.pdf\" target=\"_blank\" rel=\"noopener noreferrer\">Informationen zur Vorbereitung des Kolons mit Clensia-Split<\/a><br \/>\n<a href=\"https:\/\/bellentani.doctor\/wp-content\/uploads\/2022\/03\/06.istruzioni-clensia-full-DEU.pdf\" target=\"_blank\" rel=\"noopener noreferrer\">Informationen zur Vorbereitung des Kolons mit Clensia-Full<\/a><br \/>\n<\/u><\/p>\n<p>[\/vc_column_text][\/vc_column_inner][vc_column_inner width=&#8220;1\/2&#8243;][vc_column_text]<\/p>\n<p style=\"color: #009544; text-align: center;\"><strong>F\u00dcR DIE PATIENTEN<\/strong><\/p>\n<p style=\"text-align: center;\"><span style=\"text-decoration: underline;\"><a href=\"https:\/\/bellentani.doctor\/wp-content\/uploads\/2022\/03\/01.consenso-informato-egds-DEU.pdf\" target=\"_blank\" rel=\"noopener noreferrer\">Einverst\u00e4ndniserkl\u00e4rung zur \u00d6sophagogastroduodenoskopie nach Aufkl\u00e4rung<\/a><br \/>\n<a href=\"https:\/\/bellentani.doctor\/wp-content\/uploads\/2022\/03\/02.consenso-informato-colonscopia-DEU.pdf\" target=\"_blank\" rel=\"noopener noreferrer\">Einverst\u00e4ndniserkl\u00e4rung zur Koloskopie nach Aufkl\u00e4rung<\/a><br \/>\n<\/span><span style=\"text-decoration: underline;\"><a href=\"https:\/\/bellentani.doctor\/wp-content\/uploads\/2022\/03\/03.preparazione-colonscopia-DEU.pdf\" target=\"_blank\" rel=\"noopener noreferrer\">Vorbereitung f\u00fcr die Koloskopie<\/a><br \/>\n<\/span><span style=\"text-decoration: underline;\"><a href=\"https:\/\/bellentani.doctor\/wp-content\/uploads\/2022\/03\/04.info-post-colonscopia-DEU.pdf\" target=\"_blank\" rel=\"noopener noreferrer\">Was geschieht nach der Koloskopie<\/a><br \/>\n<\/span><\/p>\n<p>[\/vc_column_text][\/vc_column_inner][\/vc_row_inner][\/vc_column][\/vc_row][vc_row color_set=&#8220;black_section&#8220; full_width=&#8220;0&#8243; full_height=&#8220;0&#8243; transparent_overlay=&#8220;transparent_film&#8220; background=&#8220;bgimage&#8220; bgimage=&#8220;600&#8243; parallax=&#8220;1&#8243;][vc_column]<div class=\"section_header subtitle_bottom   fancy text-center\">\n\n    <h2>Ben\u00f6tigen Sie eine Untersuchung?<\/h2>\n\n\n        <p >Vereinbaren Sie einen Termin<\/p>\n<\/div><div class=\"plethora_button wpb_content_element   text-center \">\n    <a href=\"\/de\/kontakt\/\" debug class=\" btn btn-secondary with-icon icon-left\" title=\"\"  target=\"_self\">\n\n         <i class=\"fa fa-check\"><\/i> \n        Termin anfordern\n        \n\n    <\/a>\n<\/div>[\/vc_column][\/vc_row]<\/p>\n","protected":false},"excerpt":{"rendered":"<p>[vc_row full_width=&#8220;0&#8243; full_height=&#8220;0&#8243; sep_bottom=&#8220;separator_bottom sep_angled_positive_bottom&#8220; particles=&#8220;0&#8243; css=&#8220;.vc_custom_1594717684524{padding-bottom: 30px !important;}&#8220;][vc_column][vc_empty_space height=&#8220;64px&#8220;][\/vc_column][vc_column width=&#8220;1\/2&#8243;][vc_toggle title=&#8220;Was ist die \u00d6sophagogastroduodenoskopie?&#8220;]Mit der \u00d6sophagogastroduodenoskopie ist es m\u00f6glich, von innen heraus Krankheiten oder Ver\u00e4nderungen der Schleimhaut der inneren Organe des oberen Verdauungstraktes (der erste Meter des Verdauungsschlauchs) zu \u00fcberpr\u00fcfen: Speiser\u00f6hre, Magen und Zw\u00f6lffingerdarm. Die \u00d6sophagogastroduodenoskopie, oft mit \u00d6GDS abgek\u00fcrzt, kann auch unter therapeutischen [&hellip;]<\/p>\n","protected":false},"author":3,"featured_media":0,"parent":910,"menu_order":0,"comment_status":"closed","ping_status":"closed","template":"","meta":{"footnotes":""},"aioseo_notices":[],"_links":{"self":[{"href":"https:\/\/bellentani.doctor\/de\/wp-json\/wp\/v2\/pages\/944"}],"collection":[{"href":"https:\/\/bellentani.doctor\/de\/wp-json\/wp\/v2\/pages"}],"about":[{"href":"https:\/\/bellentani.doctor\/de\/wp-json\/wp\/v2\/types\/page"}],"author":[{"embeddable":true,"href":"https:\/\/bellentani.doctor\/de\/wp-json\/wp\/v2\/users\/3"}],"replies":[{"embeddable":true,"href":"https:\/\/bellentani.doctor\/de\/wp-json\/wp\/v2\/comments?post=944"}],"version-history":[{"count":22,"href":"https:\/\/bellentani.doctor\/de\/wp-json\/wp\/v2\/pages\/944\/revisions"}],"predecessor-version":[{"id":1289,"href":"https:\/\/bellentani.doctor\/de\/wp-json\/wp\/v2\/pages\/944\/revisions\/1289"}],"up":[{"embeddable":true,"href":"https:\/\/bellentani.doctor\/de\/wp-json\/wp\/v2\/pages\/910"}],"wp:attachment":[{"href":"https:\/\/bellentani.doctor\/de\/wp-json\/wp\/v2\/media?parent=944"}],"curies":[{"name":"wp","href":"https:\/\/api.w.org\/{rel}","templated":true}]}}