{"id":961,"date":"2016-02-19T09:25:21","date_gmt":"2016-02-19T09:25:21","guid":{"rendered":"https:\/\/bellentani.doctor\/chi-sono\/"},"modified":"2020-11-19T10:58:18","modified_gmt":"2020-11-19T09:58:18","slug":"ueber-mich","status":"publish","type":"page","link":"https:\/\/bellentani.doctor\/de\/ueber-mich\/","title":{"rendered":"\u00dcber mich"},"content":{"rendered":"<p>[vc_row full_width=&#8220;0&#8243; full_height=&#8220;0&#8243; particles=&#8220;0&#8243; css=&#8220;.vc_custom_1594732773317{margin-bottom: 0px !important;border-bottom-width: 0px !important;padding-top: 96px !important;padding-bottom: 10px !important;}&#8220;][vc_column css=&#8220;.vc_custom_1594732693859{margin-bottom: 0px !important;border-bottom-width: 0px !important;padding-bottom: 0px !important;}&#8220;]<div class=\"section_header subtitle_bottom   vc_custom_1602775651694 fancy text-left\">\n\n    <h2 style=\"text-align: center;\">Berufsqualifikationen und Berufserfahrung<\/h2>\n\n\n        <p ><\/p>\n<\/div>[\/vc_column][\/vc_row][vc_row full_width=&#8220;0&#8243; full_height=&#8220;0&#8243; particles=&#8220;0&#8243; css=&#8220;.vc_custom_1594733609121{margin-top: 0px !important;border-top-width: 0px !important;padding-top: 0px !important;}&#8220;][vc_column][vc_column_text]<\/p>\n<p style=\"text-align: justify;\">Dr. Stefano Bellentani verrichtete und verrichtet bis heute seine Betreuungst\u00e4tigkeit als Hepatologe, Gastroenterologe und Ern\u00e4hrungswissenschaftler und ist Forscher auf dem Gebiet der Leberkrankheiten, international anerkannter Meinungsfu\u0308hrer in einer heute neu entstehenden Erkrankung, der Lebersteatose. Im Hinblick auf den Betreuungsteil fu\u0308hrt er gastroenterologische, hepatologische und ern\u00e4hrungswissenschaftliche Beratungen, Abdomen-Ultraschalluntersuchungen mit oder ohne Kontrastmittel, die Leberfibrosebeurteilung mit Fibroscan oder \u201eShare Wave\u201d mit dem Fibroscan-Ger\u00e4t, \u00d6sophagogastroduodenoskopien, Sigmoidoskopien und Koloskopien zu diagnostischen und operativen Zwecken durch.<br \/>\nEr ist in Vorruhestand gegangen und hat sich aus dem staatlichen italienischen Gesundheitssystem zuru\u0308ckgezogen. Nun arbeitet er in seiner klinischen T\u00e4tigkeit als Gastroenterologe, Hepatologe, Ern\u00e4hrungsberater und -wissenschaftler und Endoskopiker als freiberuflicher Arzt in seiner Praxis in Locarno in der Via Della Pace 3 und im Polyambulatorium Villa Richeldi in Carpi. Zudem arbeitet er weiterhin, und das schon von Anfang an, mit Prof. Andreas Cerny und den anderen Hepatologie-Kollegen des Leberzentrums Lugano zusammen. Au\u00dferdem geh\u00f6rt er zur Equipe der \u201eItalian Medical Doctors\u201d in London. Was den didaktischen Teil seiner T\u00e4tigkeit und deren Verbreitung betrifft, trat und tritt er immer noch als Redner bei zahlreichen Seminaren in Italien und im Ausland an verschiedenen klinischen und universit\u00e4ren Instituten auf und leitete und leitet mehr als 120 Pr\u00e4sentationen auf nationalen und internationalen Kongressen. Seine Karriere begann er als Forscher und Wissenschaftspopularisierer, wofu\u0308r er mit dem internationalen Sheila-Sherlock-Preis fu\u0308r die beste mu\u0308ndliche Pr\u00e4sentation (Dionysos-Projekt) auf dem alle zwei Jahre, damals im Mai 1994, stattfindenden Kongress der Internationalen Vereinigung der Leberforschung (IASL) in Canc\u00fan, Mexiko, ausgezeichnet wurde.<br \/>\n\u00c8Er ist Rezensent fu\u0308r viele internationale Wissenschafts-Zeitschriften (darunter Gastroenterology, Journal of 4 Hepatology, Gut, Hepatology, Digestive Disease and Science, Digestive and Liver Disease, alimentaryPharmacology and Therapeutics, etc.), Associate Editor des \u201eWorld Journal of Gastroenterology\u201c, von \u201eAnnals of Hepatology\u201c, \u201eLiver International\u201c, \u201eHepatoma Research\u201c und BMC Gastroenterology. Mitglied der folgenden wissenschaftlichen Vereinigungen: Italienische Vereinigung fu\u0308r Leberforschung (AISF); American Association fort he Study of Liver Diseases (AASLD) USA; European Association fort he Study of the Liver (EASL); American Gastroenterology Association (AGA); International Association of Liver Diseases (IASL); Italienische Gesellschaft fu\u0308r Ultraschall in der Medizin und Biologie; Italienische Gesellschaft fu\u0308r Gastroenterologie (SIGE).<br \/>\nUnd er ist Autor von 153 Ver\u00f6ffentlichungen in internationalen Zeitschriften, und zwar von: 92 \u201epeer-reviewed\u201c Ver\u00f6ffentlichungen in internationalen Zeitschriften, Impact Factor gesamt = 430, 21 in nationalen Zeitungen, 39 Buchkapitel. Er ist Autor von mehr als 200 Abstracts, die fu\u0308r mu\u0308ndliche Vortr\u00e4ge oder Postersessions bei internationalen Kongressen und von Rednern auf mindestens 70 internationalen Veranstaltungen und Kongressen in den letzten 15 Jahren ausgew\u00e4hlt wurden. Weitere Informationen zu Dr. Bellentanis wissenschaftlichen Publikationen und seinen Lebenslauf finden Sie auf: Orcid-ID oder Scopus-ID.<br \/>\nAls Forscher ist er nach wie vor Mitglied des wissenschaftlichen Ausschusses der italienischen Leberstiftung und des Leberforschungszentrums Triest (Italien) (siehe www.fegato.it). Er hat wichtige wissenschaftliche Forschungsprojekte im Bereich der klinischen und epidemiologischen Hepatologie konzipiert, koordiniert und abgeschlossen. Die wichtigsten davon:<br \/>\n1 &#8211; 1991 konzipierte er eine gro\u00dfe Arbeit in der epidemiologischen Forschung, das so genannte \u201eDionysos-Projekt\u201d, das u\u0308ber mehr als 15 Jahre lief. Dazu fu\u0308hrte er ein umfassendes Gesundheits-Screening aller Bu\u0308rger von Campogalliano (Modena) und Cormons (Gorizia) durch und sammelte wichtige Informationen u\u0308ber den Zusammenhang zwischen Viren, Ern\u00e4hrung und Leberkrankheiten. Dieses Projekt ist einzigartig in der Welt. In den letzten 20 Jahren wurden die wissenschaftlichen Ergebnisse dieses Projekts, die nicht nur Auswirkungen auf die t\u00e4gliche klinische Praxis in Bezug auf die Pr\u00e4vention und Behandlung von Lebererkrankungen haben, auf den wichtigsten wissenschaftlichen Kongressen vorgestellt und in den gr\u00f6\u00dften wissenschaftlichen Zeitschriften auf diesem Gebiet ver\u00f6ffentlicht. Diese Ergebnisse haben in der Welt der medizinisch-wissenschaftlichen Forschung breite internationale Resonanz gefunden.<br \/>\n2 &#8211; Von 2010 bis 2013 war Dr. Bellentani zusammen mit anderen europ\u00e4ischen und italienischen Forschern, darunter Prof. Claudio Tiribelli der Universit\u00e4t Triest, Prof. Nino Carlo Battistini der Universit\u00e4t Modena und Reggio Emilia und Prof. Giulio Marchesini der Universit\u00e4t Bologna, Teil eines Konsortiums, das aus dem 7. EU-Forschungsrahmenprogramm Forschungsmittel fu\u0308r die Entwicklung einer multidisziplin\u00e4ren nicht-pharmakologischen Behandlung von Lebersteatose und nicht-alkoholischer Steatohepatitis (NAFDL und NASH) im Rahmen des \u201eFLIP\u201c-Projekts (Fatty Liver Inhibition of Progression; siehe http:\/\/flip-fp7.eu\/) erhielt.<br \/>\n3 &#8211; Von 2012 bis 2017 erhielt er zusammen mit Prof. Laura Magy der Universit\u00e4t Cleveland, USA, Prof. Claudio Tiribelli, Triest, Italien, und Prof. Ramon Batalier, Barcelona, Spanien, ein Stipendium der N.l.H. (National Institute of Health), um innerhalb eines Zeitraums von 5 Jahren ein internationales und translationales Forschungsprojekt u\u0308ber die alkoholische Hepatopathie, genannt \u201eMIF\u201d, zu entwickeln.<\/p>\n<p>[\/vc_column_text][\/vc_column][\/vc_row][vc_row full_width=&#8220;0&#8243; full_height=&#8220;0&#8243; particles=&#8220;0&#8243; css=&#8220;.vc_custom_1594733666156{padding-top: 10px !important;}&#8220;][vc_column width=&#8220;2\/3&#8243;]<div class=\"section_header subtitle_bottom   vc_custom_1602775822111 fancy text-left\">\n\n    <h2>Aktuelles Arbeitsprofil<\/h2>\n\n\n        <p >Facharzt f\u00fcr Gastroenterologie, Hepatologie, Ern\u00e4hrungsexperte<\/p>\n<\/div>[vc_column_text]Seit 40 Jahren bin ich nun haupts\u00e4chlich in der Schweiz als freiberuflicher Rundum-Gastroenterologe t\u00e4tig. Das bedeutet, dass ich von der fach\u00e4rztlichen Untersuchung bis hin zu Endoskopien des Verdauungstrakts und Ultraschalluntersuchungen alles mache.<\/p>\n<p>Ich bin auch Forscher und Lehrer aus Leidenschaft, und zwar seit meiner Zeit als Medizinstudent an der Universit\u00e4t Modena. Im Dezember 2013 erhielt ich zudem die nationale Qualifikation als ordentlicher W3-Professor in Gastroenterologie. Ich besch\u00e4ftige mich haupts\u00e4chlich mit Leberkrankheiten, insbesondere mit der Epidemiologie und in letzter Zeit mit der Fettleber (oder \u201eLebersteatose&#8220;), einer weltweit verbreiteten Krankheit. Ich bin auch Experte f\u00fcr Ern\u00e4hrung und habe vor kurzem ein multidisziplin\u00e4res Kooperationsprojekt mit der Ern\u00e4hrungswissenschaftlerin meines Vertrauens, <a href=\"https:\/\/www.nutrizionistafedericabombarda.it\/\" target=\"_blank\" rel=\"noopener noreferrer\">Frau Dr. Federica Bombarda<\/a>, in Italien und mit den Fachleuten des <a href=\"https:\/\/ilcentro.ch\/\" target=\"_blank\" rel=\"noopener noreferrer\">\u201eIl Centro&#8220;<\/a> in Locarno gestartet, um zu versuchen, den Lebensstil meiner Patienten mit Stoffwechselst\u00f6rungen, Diabetes oder Adipositas zu \u00e4ndern.[\/vc_column_text][vc_empty_space height=&#8220;20px&#8220;]<div class=\"plethora_button wpb_content_element   text-left btn_inline\">\n    <a href=\"\/wp-content\/uploads\/2020\/11\/Dr-Med-Bellentani-CV-DEU-1.pdf\" debug class=\" btn btn-primary  \" title=\"\"  target=\" _blank\">\n\n        \n        LESEN SIE MEINEN LEBENSLAUF\n        \n\n    <\/a>\n<\/div>[\/vc_column][vc_column width=&#8220;1\/3&#8243;][vc_single_image image=&#8220;972&#8243; img_size=&#8220;full&#8220; alignment=&#8220;center&#8220; title=&#8220;Dr. Med Stefano Bellentani &#8211; Facharzt f\u00fcr Gastroenterologie, Hepatologie, Ern\u00e4hrungsexperte&#8220;][\/vc_column][\/vc_row][vc_row color_set=&#8220;secondary_section&#8220; full_width=&#8220;0&#8243; full_height=&#8220;0&#8243; particles=&#8220;0&#8243;][vc_column]<div class=\"section_header subtitle_bottom   fancy text-center\">\n\n    <h2 style=\"text-align: center;\"><strong>Pers\u00f6nliches Profil<\/strong><\/h2>\n\n\n        <p ><\/p>\n<\/div>[vc_column_text]<\/p>\n<p style=\"text-align: justify;\">In meinem Leben konnte ich schlie\u00dflich einen meiner gr\u00f6\u00dften Tr\u00e4ume verwirklichen, den ich seit meiner Kindheit hatte: ein Weltb\u00fcrger zu sein. Eines meiner Mottos war und ist: \u201eMan kann bis zu hundert Jahre leben, ohne auch nur einen Tag gelebt zu haben&#8220;&#8230; das ist bei mir sicher nicht so &#8230; Ich habe mein Leben intensiv gelebt, bin gereist und habe mit den besten Forschern und Wissenschaftlern der Welt auf dem Gebiet der Leberkrankheiten und Erkrankungen des Verdauungstrakts zusammengearbeitet und arbeite noch immer mit ihnen zusammen.<br \/>\nAuf andere pers\u00f6nliche Dinge, die ich erreicht habe, bin ich aber auch sehr stolz : Mein Wunsch, ein Weltb\u00fcrger zu sein, den ich seit meiner Kindheit habe, wurde immer von meinen Lieben, unseren Familienreisen und ihren starken Pers\u00f6nlichkeiten unterst\u00fctzt.<br \/>\nIch bin der Ehemann einer sehr lieben und sch\u00f6nen Frau brasilianischer und spanischer Nationalit\u00e4t, die ich in Modena kennen gelernt habe. Cristina (siehe Foto) ist eine gro\u00dfartige Person und ein sehr positiver Mensch, der mir mit 50 Jahren mein Leben zur\u00fcckgegeben und versprochen hat, mich f\u00fcr immer gl\u00fccklich zu machen, als sie mich vor einigen Jahren heiratete. Ich habe 20 Jahre mit Daniela gelebt, die mir zwei wunderbare Kinder und ein Leben mit sehr sch\u00f6nen, aber auch anderen schwierigen Momenten geschenkt hat. Jetzt f\u00fchre ich ein neues Leben mit Cristina, und wir haben gerade ein neues \u201eBaby\u201c bekommen: Lolli, unsere kleine franz\u00f6sische Bulldogge, die manchmal wie ein kleines Baby ist. Sie ist besonders lieb und intelligent, aber auch anstrengend zu handeln.<br \/>\nIch bin Papa von zwei wunderbaren, tollen Kindern, die in verschiedenen Bereichen in meine Fu\u00dfstapfen treten: Andrea, heute 29 Jahre alt, ist Bauingenieur und Architekt, und Laura, 25 Jahre alt, studiert \u201eUmweltwissenschaften&#8220; an der Universit\u00e4t Genf (siehe Foto). Ich bin Onkel einer tollen Nichte, Viviana, die als Arbeitsberaterin in Genua arbeitet, Bruder einer wunderbaren und liebenswerten Schwester, Maddalena, die seit kurzem in Rente ist, und \u201eangeheirateter\u201c Gro\u00dfvater eines sympathischen und klugen 10-j\u00e4hrigen Enkels, Gabriel (siehe Foto), der die Pflichtschule in Locarno besucht und mich jung h\u00e4lt.<\/p>\n<p>[\/vc_column_text][vc_row_inner][vc_column_inner width=&#8220;1\/3&#8243;][vc_single_image image=&#8220;970&#8243; img_size=&#8220;full&#8220; alignment=&#8220;center&#8220; title=&#8220;Meine Frau Cristina und ich&#8220;][\/vc_column_inner][vc_column_inner width=&#8220;1\/3&#8243;][vc_single_image image=&#8220;965&#8243; img_size=&#8220;full&#8220; alignment=&#8220;center&#8220; title=&#8220;Familie Bellentani: Schwester, Kinder und Enkel&#8220;][\/vc_column_inner][vc_column_inner width=&#8220;1\/3&#8243;][vc_single_image image=&#8220;966&#8243; img_size=&#8220;full&#8220; alignment=&#8220;center&#8220; title=&#8220;Ich mit meinem Sohn Andrea, meiner Tochter Laura und meinem Enkel Gabriel&#8220;][\/vc_column_inner][\/vc_row_inner][\/vc_column][\/vc_row][vc_row color_set=&#8220;light_section&#8220; full_width=&#8220;0&#8243; full_height=&#8220;0&#8243; sep_top=&#8220;separator_top sep_angled_negative_top&#8220; sep_bottom=&#8220;separator_bottom sep_angled_positive_bottom&#8220; particles=&#8220;0&#8243;][vc_column]<div class=\"section_header subtitle_bottom   fancy text-center\">\n\n    <h2 style=\"text-align: center;\"><strong>Pers\u00f6nlichkeit: meine St\u00e4rken und Schw\u00e4chen<\/strong><\/h2>\n\n\n        <p ><\/p>\n<\/div>[vc_column_text]<\/p>\n<p style=\"text-align: justify;\">Ich bin sehr anspruchsvoll in meiner Arbeit und auch mit meiner Familie: vielleicht zu genau, ein Erbsenz\u00e4hler, und wenn mir etwas gef\u00e4llt oder ich eine Verpflichtung eingehe, mache ich es \u00fcblicherweise mit ganzem Herzen und versuche, es gut zu machen. Ich liebe das Leben, und es gef\u00e4llt mir, intensiv zu leben, so sehr, dass mein Gru\u00df und Wunsch f\u00fcr andere oft lauten: \u201eEin sch\u00f6nes Leben!\u201c Ich bin gro\u00dfz\u00fcgig, aufrichtig, meinen Prinzipien und meinen Zuneigungen und Freunden treu, solidarisch, aber: Vorsicht! Ich wei\u00df auch, dass ich anspruchsvoll und \u00fcbertrieben selbstbewusst bin (Frauen haben mir oft vorgeworfen, dass ich immer Recht haben will!), ich bin oft verschlossen und nicht sehr offenherzig in meinen Zuneigungen, manchmal werde ich w\u00fctend und poltere herum, aber das geht meist schnell vorbei. Ich gehe keine Kompromisse ein (was mir nat\u00fcrlich den Weg zu Spitzenpositionen in der Politik oder Wissenschaft in einem Land wie Italien versperrt hat!) und esse sehr gerne, dadurch nehme ich schnell zu, weil ich Essen, Tafelrunden und angenehme Gesellschaft liebe. Ich wurde mit sozialistischen und liberalen Ideen und Kulturen geboren, bin aber unter \u201eNonnen&#8220; aufgewachsen, so dass ich mich zweifellos als Christ und &#8211; sagen wir mal &#8211; katholisch in meinem Verhalten verstehe, aber kirchlichen Hierarchien sehr kritisch gegen\u00fcberstehe (laizistische Prinzipien). Ich liebe die Freiheit, und entr\u00fcste mich \u00fcber Diktaturen und Gewalt. Ich liebe mein Land wegen der Kultur und der Sch\u00f6nheit, die man an jeder Ecke atmet, aber ich identifiziere mich nicht mit der mehrheitlichen Denkweise der Italiener; im Gegenteil, ich stand immer auf der Seite der Minderheit, sowohl in der Politik als auch im Leben im Allgemeinen. Jetzt leide ich darunter, weit weg von meinem Land und meiner Heimatstadt Modena zu leben, aber noch mehr leide ich darunter zu sehen, was aus meinem geliebten Land, Italien, mit seiner gegenw\u00e4rtigen wirtschaftlichen und politischen Lage geworden ist.<br \/>\nAls es hie\u00df, es g\u00e4be Bedarf an Vertretern der \u201eZivilgesellschaft&#8220;, war ich in meinem Leben eine Zeitlang auch Politiker. Nach meiner Wahl spielte ich f\u00fcnf Jahre lang eine aktive und h\u00f6chst institutionelle Rolle im sozialen Leben meiner Stadt: ich war Vorsitzender des Stadtrats von Modena.<br \/>\nIn den letzten 15 Jahren bin ich viel herumgekommen, bin mindestens sechsmal umgezogen und habe in 3 verschiedenen L\u00e4ndern gearbeitet. Ich habe Sehnsucht nach meiner Stadt, und ich genie\u00dfe es oft, durch die Stra\u00dfen des Zentrums zu schlendern und die Ger\u00fcche und gastronomischen K\u00f6stlichkeiten der Vergangenheit zu kosten. Modena, da, wo der Balscamico-Essig, Tortellini, der Belcanto (Luciano Pavarotti, Mirella Freni, Vasco Rossi, Francesco Guccini, usw.), aber auch die Motoren (Ferrari, Maserati, Lamborghini) und das gute Essen und \u00fcbersch\u00e4umende Geschmacksvielfalt (Bottura, der zum besten Koch der Welt erkl\u00e4rt wurde) zu Hause sind.<\/p>\n<p>[\/vc_column_text]<div class=\"section_header subtitle_bottom   fancy text-center\">\n\n    <h2 style=\"text-align: center;\"><strong>Hobbys<\/strong><\/h2>\n\n\n        <p ><\/p>\n<\/div>[vc_column_text]<\/p>\n<p style=\"text-align: justify;\">Ich mag vor allem Rockmusik (ich bin ein Fan des gro\u00dfen Vasco Rossi, genannt \u201eIl Blasco\u201c!!) und klassische Musik, Kino, Theater, Lesen von B\u00fcchern aller Art und den \u201enicht-organisierten\u201c Tourismus. Ich war schon immer ein Juventus-Fan und habe diese Leidenschaft f\u00fcr das Team meines Herzens an meine Kinder und Enkel weitergegeben. Wir sind alle Juventus-Fans! Ich liebe die Fotografie, das Meer in all seinen Facetten, Schwimmen, Segeln und Unterwasseraktivit\u00e4ten, insbesondere die Unterwasserfotografie, die ich immer noch hin und wieder genie\u00dfe, aber leider immer seltener. Schlie\u00dflich fahre ich gerne Motorrad, und in der letzten Zeit, dank der Tatsache, dass ich meine Freunde aus dem Gymnasium wieder gefunden habe, nutze ich jede Gelegenheit, um einen kleinen Ausflug oder Exkursion auf einem Roller oder Motorrad zu machen, wobei die Tour normalerweise in einer historischen Trattoria oder in einem Weinkeller endet.<\/p>\n<p>[\/vc_column_text][vc_row_inner][vc_column_inner width=&#8220;1\/3&#8243;][vc_single_image image=&#8220;974&#8243; img_size=&#8220;full&#8220; alignment=&#8220;center&#8220; title=&#8220;Barracuda (Insel Tavolara &#8211; Sardinien)&#8220;][\/vc_column_inner][vc_column_inner width=&#8220;1\/3&#8243;][vc_single_image image=&#8220;973&#8243; img_size=&#8220;full&#8220; alignment=&#8220;center&#8220; title=&#8220;Schraubensabelle (Insel Tavolara &#8211; Sardinien)&#8220;][\/vc_column_inner][vc_column_inner width=&#8220;1\/3&#8243;][vc_single_image image=&#8220;975&#8243; img_size=&#8220;full&#8220; alignment=&#8220;center&#8220; title=&#8220;Ich mit meinem Roller&#8220;][\/vc_column_inner][\/vc_row_inner][\/vc_column][\/vc_row]<\/p>\n","protected":false},"excerpt":{"rendered":"<p>[vc_row full_width=&#8220;0&#8243; full_height=&#8220;0&#8243; particles=&#8220;0&#8243; css=&#8220;.vc_custom_1594732773317{margin-bottom: 0px !important;border-bottom-width: 0px !important;padding-top: 96px !important;padding-bottom: 10px !important;}&#8220;][vc_column css=&#8220;.vc_custom_1594732693859{margin-bottom: 0px !important;border-bottom-width: 0px !important;padding-bottom: 0px !important;}&#8220;][\/vc_column][\/vc_row][vc_row full_width=&#8220;0&#8243; full_height=&#8220;0&#8243; particles=&#8220;0&#8243; css=&#8220;.vc_custom_1594733609121{margin-top: 0px !important;border-top-width: 0px !important;padding-top: 0px !important;}&#8220;][vc_column][vc_column_text] Dr. Stefano Bellentani verrichtete und verrichtet bis heute seine Betreuungst\u00e4tigkeit als Hepatologe, Gastroenterologe und Ern\u00e4hrungswissenschaftler und ist Forscher auf dem Gebiet der Leberkrankheiten, international anerkannter [&hellip;]<\/p>\n","protected":false},"author":4,"featured_media":962,"parent":0,"menu_order":0,"comment_status":"closed","ping_status":"closed","template":"","meta":{"footnotes":""},"aioseo_notices":[],"_links":{"self":[{"href":"https:\/\/bellentani.doctor\/de\/wp-json\/wp\/v2\/pages\/961"}],"collection":[{"href":"https:\/\/bellentani.doctor\/de\/wp-json\/wp\/v2\/pages"}],"about":[{"href":"https:\/\/bellentani.doctor\/de\/wp-json\/wp\/v2\/types\/page"}],"author":[{"embeddable":true,"href":"https:\/\/bellentani.doctor\/de\/wp-json\/wp\/v2\/users\/4"}],"replies":[{"embeddable":true,"href":"https:\/\/bellentani.doctor\/de\/wp-json\/wp\/v2\/comments?post=961"}],"version-history":[{"count":12,"href":"https:\/\/bellentani.doctor\/de\/wp-json\/wp\/v2\/pages\/961\/revisions"}],"predecessor-version":[{"id":1155,"href":"https:\/\/bellentani.doctor\/de\/wp-json\/wp\/v2\/pages\/961\/revisions\/1155"}],"wp:featuredmedia":[{"embeddable":true,"href":"https:\/\/bellentani.doctor\/de\/wp-json\/wp\/v2\/media\/962"}],"wp:attachment":[{"href":"https:\/\/bellentani.doctor\/de\/wp-json\/wp\/v2\/media?parent=961"}],"curies":[{"name":"wp","href":"https:\/\/api.w.org\/{rel}","templated":true}]}}